{"id":9,"date":"2023-10-10T09:45:12","date_gmt":"2023-10-10T09:45:12","guid":{"rendered":"http:\/\/test.loc\/cart\/"},"modified":"2024-09-05T18:52:31","modified_gmt":"2024-09-05T18:52:31","slug":"rental-cart","status":"publish","type":"page","link":"https:\/\/rentacartanger.com\/es\/rental-cart\/","title":{"rendered":"Carro de alquiler"},"content":{"rendered":"<div data-elementor-type=\"wp-page\" data-elementor-id=\"9\" class=\"elementor elementor-9\" data-elementor-post-type=\"page\">\n\t\t\t\t\t\t<section class=\"elementor-section elementor-top-section elementor-element elementor-element-37b2273 elementor-section-boxed elementor-section-height-default elementor-section-height-default\" data-id=\"37b2273\" data-element_type=\"section\">\n\t\t\t\t\t\t<div class=\"elementor-container elementor-column-gap-default\">\n\t\t\t\t\t<div class=\"elementor-column elementor-col-50 elementor-top-column elementor-element elementor-element-e2c6b2f\" data-id=\"e2c6b2f\" data-element_type=\"column\">\n\t\t\t<div class=\"elementor-widget-wrap elementor-element-populated\">\n\t\t\t\t\t\t<div class=\"elementor-element elementor-element-e567bec elementor-widget elementor-widget-heading\" data-id=\"e567bec\" data-element_type=\"widget\" data-widget_type=\"heading.default\">\n\t\t\t\t<div class=\"elementor-widget-container\">\n\t\t\t<style>\/*! elementor - v3.23.0 - 05-08-2024 *\/\n.elementor-heading-title{padding:0;margin:0;line-height:1}.elementor-widget-heading .elementor-heading-title[class*=elementor-size-]>a{color:inherit;font-size:inherit;line-height:inherit}.elementor-widget-heading .elementor-heading-title.elementor-size-small{font-size:15px}.elementor-widget-heading .elementor-heading-title.elementor-size-medium{font-size:19px}.elementor-widget-heading .elementor-heading-title.elementor-size-large{font-size:29px}.elementor-widget-heading .elementor-heading-title.elementor-size-xl{font-size:39px}.elementor-widget-heading .elementor-heading-title.elementor-size-xxl{font-size:59px}<\/style><h2 class=\"elementor-heading-title elementor-size-default\">complementos para veh\u00edculos<\/h2>\t\t<\/div>\n\t\t\t\t<\/div>\n\t\t\t\t\t<\/div>\n\t\t<\/div>\n\t\t\t\t<div class=\"elementor-column elementor-col-50 elementor-top-column elementor-element elementor-element-5f60c8b\" data-id=\"5f60c8b\" data-element_type=\"column\">\n\t\t\t<div class=\"elementor-widget-wrap elementor-element-populated\">\n\t\t\t\t\t\t<div class=\"elementor-element elementor-element-0d2d107 elementor-widget__width-initial elementor-widget elementor-widget-motors-rental-coupon\" data-id=\"0d2d107\" data-element_type=\"widget\" id=\"coupon-code\" data-widget_type=\"motors-rental-coupon.default\">\n\t\t\t\t<div class=\"elementor-widget-container\">\n\t\t\t<div class=\"rental-coupon\">\n\t<div class=\"stm_rental_coupon\">\n    <form class=\"stm_checkout_coupon\" method=\"post\" action=\"\">\n\n        <p class=\"form-row form-row-first\">\n            <input type=\"text\" name=\"coupon_code\" class=\"input-text\" placeholder=\"C\u00f3digo de cup\u00f3n\" id=\"coupon_code\" value=\"\" \/>\n        <\/p>\n\n        <p class=\"form-row form-row-last\">\n            <input type=\"submit\" class=\"button\" name=\"apply_coupon\" value=\"Aplicar cup\u00f3n\" \/>\n        <\/p>\n\n        <div class=\"clear\"><\/div>\n    <input type=\"hidden\" name=\"trp-form-language\" value=\"es\"\/><\/form>\n<\/div>\n\n<script>\n    (function($){\n        $(document).ready(function(){\n            var $coupon = $('.stm_checkout_coupon .input-text');\n            $coupon.on('focus', function(){\n                $('.stm_checkout_coupon').addClass('active');\n            });\n\n            $coupon.on('focusout', function(){\n                $('.stm_checkout_coupon').removeClass('active');\n            })\n        });\n    })(jQuery)\n<\/script><\/div>\n\t\t<\/div>\n\t\t\t\t<\/div>\n\t\t\t\t\t<\/div>\n\t\t<\/div>\n\t\t\t\t\t<\/div>\n\t\t<\/section>\n\t\t\t\t<section class=\"elementor-section elementor-top-section elementor-element elementor-element-50caf71 elementor-section-boxed elementor-section-height-default elementor-section-height-default\" data-id=\"50caf71\" data-element_type=\"section\">\n\t\t\t\t\t\t<div class=\"elementor-container elementor-column-gap-default\">\n\t\t\t\t\t<div class=\"elementor-column elementor-col-50 elementor-top-column elementor-element elementor-element-2fd6661\" data-id=\"2fd6661\" data-element_type=\"column\">\n\t\t\t<div class=\"elementor-widget-wrap elementor-element-populated\">\n\t\t\t\t\t\t<div class=\"elementor-element elementor-element-63e8110 elementor-widget elementor-widget-motors-rental-vehicle-addons\" data-id=\"63e8110\" data-element_type=\"widget\" id=\"rental-addons\" data-widget_type=\"motors-rental-vehicle-addons.default\">\n\t\t\t\t<div class=\"elementor-widget-container\">\n\t\t\t<div class=\"rental-reservation-addons\">\n\t        <div class=\"stm_rental_options_archive\">\n            <div class=\"stm_rental_option\">\n\t\t\t<div class=\"image\">\n\t\t\t<img decoding=\"async\" width=\"50\" height=\"54\" src=\"https:\/\/rentacartanger.com\/wp-content\/uploads\/2024\/04\/full-protection-1.svg\" class=\"attachment-thumbnail size-thumbnail wp-post-image\" alt=\"\" \/>\t\t<\/div>\n\t\t<div class=\"stm_rental_option_content\">\n\t\t<div class=\"content\">\n\t\t\t<div class=\"title\">\n\t\t\t\t<h4>Protecci\u00f3n total<\/h4>\n\t\t\t<\/div>\n\t\t\t\t\t\t\t<div class=\"stm-more\">\n\t\t\t\t\t<a href=\"#\">\n\t\t\t\t\t\t<span>M\u00e1s informaci\u00f3n<\/span>\n\t\t\t\t\t\t<i class=\"fas fa-angle-down\"><\/i>\n\t\t\t\t\t<\/a>\n\t\t\t\t<\/div>\n\t\t\t\t\t<\/div>\n\t\t<div class=\"meta\">\n\t\t\t\t\t\t<div class=\"price\">\n\t\t\t\t\t\t\t\t\t<div class=\"empty_sale_price\"><\/div>\n\t\t\t\t\t\t\t\t<div class=\"current_price heading-font\">\n\t\t\t\t\t\t\t\t\t<\/div>\n\t\t\t<\/div>\n\n\t\t\t\t\t\t\t<div class=\"stm-add-to-cart heading-font stm-manage-stock-no\">\n\t\t\t\t\t<a href=\"\/es\/wp-json\/wp\/v2\/pages\/9?add-to-cart=1363\">\n\t\t\t\t\t\tA\u00f1adir\t\t\t\t\t<\/a>\n\t\t\t\t<\/div>\n\t\t\t\t\t<\/div>\n\t\t<div class=\"clearfix\"><\/div>\n\n\t\t\t\t\t<div class=\"more\">\n\t\t\t\t280 MAD por d\u00eda para franquicia Cero (riesgo cero salvo en caso de accidente reforma t\u00e9cnica, se facturar\u00e1n gastos como inmovilizaci\u00f3n, etc.)\t\t\t<\/div>\n\t\t\t<\/div>\n<\/div>\n        <\/div>\n\n            <div class=\"stm_rental_options_archive\">\n            <div class=\"stm_rental_option\">\n\t\t\t<div class=\"image\">\n\t\t\t<img decoding=\"async\" width=\"50\" height=\"54\" src=\"https:\/\/rentacartanger.com\/wp-content\/uploads\/2024\/04\/partial-protection-1.svg\" class=\"attachment-thumbnail size-thumbnail wp-post-image\" alt=\"\" \/>\t\t<\/div>\n\t\t<div class=\"stm_rental_option_content\">\n\t\t<div class=\"content\">\n\t\t\t<div class=\"title\">\n\t\t\t\t<h4>Protecci\u00f3n parcial<\/h4>\n\t\t\t<\/div>\n\t\t\t\t\t\t\t<div class=\"stm-more\">\n\t\t\t\t\t<a href=\"#\">\n\t\t\t\t\t\t<span>M\u00e1s informaci\u00f3n<\/span>\n\t\t\t\t\t\t<i class=\"fas fa-angle-down\"><\/i>\n\t\t\t\t\t<\/a>\n\t\t\t\t<\/div>\n\t\t\t\t\t<\/div>\n\t\t<div class=\"meta\">\n\t\t\t\t\t\t<div class=\"price\">\n\t\t\t\t\t\t\t\t\t<div class=\"empty_sale_price\"><\/div>\n\t\t\t\t\t\t\t\t<div class=\"current_price heading-font\">\n\t\t\t\t\t\t\t\t\t<\/div>\n\t\t\t<\/div>\n\n\t\t\t\t\t\t\t<div class=\"stm-add-to-cart heading-font stm-manage-stock-no\">\n\t\t\t\t\t<a href=\"\/es\/wp-json\/wp\/v2\/pages\/9?add-to-cart=1360\">\n\t\t\t\t\t\tA\u00f1adir\t\t\t\t\t<\/a>\n\t\t\t\t<\/div>\n\t\t\t\t\t<\/div>\n\t\t<div class=\"clearfix\"><\/div>\n\n\t\t\t\t\t<div class=\"more\">\n\t\t\t\tpor un precio de 150,00 MAD al d\u00eda para una franquicia de 4000,00\t\t\t<\/div>\n\t\t\t<\/div>\n<\/div>\n        <\/div>\n\n            <div class=\"stm_rental_options_archive\">\n            <div class=\"stm_rental_option\">\n\t\t<div class=\"stm_rental_option_content\">\n\t\t<div class=\"content\">\n\t\t\t<div class=\"title\">\n\t\t\t\t<h4>AEROPUERTO DE MARRAKECH<\/h4>\n\t\t\t<\/div>\n\t\t\t\t\t<\/div>\n\t\t<div class=\"meta\">\n\t\t\t\t\t\t<div class=\"price\">\n\t\t\t\t\t\t\t\t\t<div class=\"empty_sale_price\"><\/div>\n\t\t\t\t\t\t\t\t<div class=\"current_price heading-font\">\n\t\t\t\t\t\t\t\t\t<\/div>\n\t\t\t<\/div>\n\n\t\t\t\t\t\t\t<div class=\"stm-add-to-cart heading-font stm-manage-stock-no\">\n\t\t\t\t\t<a href=\"\/es\/wp-json\/wp\/v2\/pages\/9?add-to-cart=1257\">\n\t\t\t\t\t\tA\u00f1adir\t\t\t\t\t<\/a>\n\t\t\t\t<\/div>\n\t\t\t\t\t<\/div>\n\t\t<div class=\"clearfix\"><\/div>\n\n\t\t\t<\/div>\n<\/div>\n        <\/div>\n\n            <div class=\"stm_rental_options_archive\">\n            <div class=\"stm_rental_option\">\n\t\t<div class=\"stm_rental_option_content\">\n\t\t<div class=\"content\">\n\t\t\t<div class=\"title\">\n\t\t\t\t<h4>AEROPUERTO DE CASABLANCA<\/h4>\n\t\t\t<\/div>\n\t\t\t\t\t<\/div>\n\t\t<div class=\"meta\">\n\t\t\t\t\t\t<div class=\"price\">\n\t\t\t\t\t\t\t\t\t<div class=\"empty_sale_price\"><\/div>\n\t\t\t\t\t\t\t\t<div class=\"current_price heading-font\">\n\t\t\t\t\t\t\t\t\t<\/div>\n\t\t\t<\/div>\n\n\t\t\t\t\t\t\t<div class=\"stm-add-to-cart heading-font stm-manage-stock-no\">\n\t\t\t\t\t<a href=\"\/es\/wp-json\/wp\/v2\/pages\/9?add-to-cart=1255\">\n\t\t\t\t\t\tA\u00f1adir\t\t\t\t\t<\/a>\n\t\t\t\t<\/div>\n\t\t\t\t\t<\/div>\n\t\t<div class=\"clearfix\"><\/div>\n\n\t\t\t<\/div>\n<\/div>\n        <\/div>\n\n            <div class=\"stm_rental_options_archive\">\n            <div class=\"stm_rental_option\">\n\t\t<div class=\"stm_rental_option_content\">\n\t\t<div class=\"content\">\n\t\t\t<div class=\"title\">\n\t\t\t\t<h4>CIUDAD DE CASABLANCA<\/h4>\n\t\t\t<\/div>\n\t\t\t\t\t<\/div>\n\t\t<div class=\"meta\">\n\t\t\t\t\t\t<div class=\"price\">\n\t\t\t\t\t\t\t\t\t<div class=\"empty_sale_price\"><\/div>\n\t\t\t\t\t\t\t\t<div class=\"current_price heading-font\">\n\t\t\t\t\t\t\t\t\t<\/div>\n\t\t\t<\/div>\n\n\t\t\t\t\t\t\t<div class=\"stm-add-to-cart heading-font stm-manage-stock-no\">\n\t\t\t\t\t<a href=\"\/es\/wp-json\/wp\/v2\/pages\/9?add-to-cart=1253\">\n\t\t\t\t\t\tA\u00f1adir\t\t\t\t\t<\/a>\n\t\t\t\t<\/div>\n\t\t\t\t\t<\/div>\n\t\t<div class=\"clearfix\"><\/div>\n\n\t\t\t<\/div>\n<\/div>\n        <\/div>\n\n            <div class=\"stm_rental_options_archive\">\n            <div class=\"stm_rental_option\">\n\t\t<div class=\"stm_rental_option_content\">\n\t\t<div class=\"content\">\n\t\t\t<div class=\"title\">\n\t\t\t\t<h4>AEROPUERTO DE AGADIR<\/h4>\n\t\t\t<\/div>\n\t\t\t\t\t<\/div>\n\t\t<div class=\"meta\">\n\t\t\t\t\t\t<div class=\"price\">\n\t\t\t\t\t\t\t\t\t<div class=\"empty_sale_price\"><\/div>\n\t\t\t\t\t\t\t\t<div class=\"current_price heading-font\">\n\t\t\t\t\t\t\t\t\t<\/div>\n\t\t\t<\/div>\n\n\t\t\t\t\t\t\t<div class=\"stm-add-to-cart heading-font stm-manage-stock-no\">\n\t\t\t\t\t<a href=\"\/es\/wp-json\/wp\/v2\/pages\/9?add-to-cart=1251\">\n\t\t\t\t\t\tA\u00f1adir\t\t\t\t\t<\/a>\n\t\t\t\t<\/div>\n\t\t\t\t\t<\/div>\n\t\t<div class=\"clearfix\"><\/div>\n\n\t\t\t<\/div>\n<\/div>\n        <\/div>\n\n            <div class=\"stm_rental_options_archive\">\n            <div class=\"stm_rental_option\">\n\t\t<div class=\"stm_rental_option_content\">\n\t\t<div class=\"content\">\n\t\t\t<div class=\"title\">\n\t\t\t\t<h4>AEROPUERTO DE RABAT<\/h4>\n\t\t\t<\/div>\n\t\t\t\t\t<\/div>\n\t\t<div class=\"meta\">\n\t\t\t\t\t\t<div class=\"price\">\n\t\t\t\t\t\t\t\t\t<div class=\"empty_sale_price\"><\/div>\n\t\t\t\t\t\t\t\t<div class=\"current_price heading-font\">\n\t\t\t\t\t\t\t\t\t<\/div>\n\t\t\t<\/div>\n\n\t\t\t\t\t\t\t<div class=\"stm-add-to-cart heading-font stm-manage-stock-no\">\n\t\t\t\t\t<a href=\"\/es\/wp-json\/wp\/v2\/pages\/9?add-to-cart=1249\">\n\t\t\t\t\t\tA\u00f1adir\t\t\t\t\t<\/a>\n\t\t\t\t<\/div>\n\t\t\t\t\t<\/div>\n\t\t<div class=\"clearfix\"><\/div>\n\n\t\t\t<\/div>\n<\/div>\n        <\/div>\n\n            <div class=\"stm_rental_options_archive\">\n            <div class=\"stm_rental_option\">\n\t\t<div class=\"stm_rental_option_content\">\n\t\t<div class=\"content\">\n\t\t\t<div class=\"title\">\n\t\t\t\t<h4>AEROPUERTO FES<\/h4>\n\t\t\t<\/div>\n\t\t\t\t\t<\/div>\n\t\t<div class=\"meta\">\n\t\t\t\t\t\t<div class=\"price\">\n\t\t\t\t\t\t\t\t\t<div class=\"empty_sale_price\"><\/div>\n\t\t\t\t\t\t\t\t<div class=\"current_price heading-font\">\n\t\t\t\t\t\t\t\t\t<\/div>\n\t\t\t<\/div>\n\n\t\t\t\t\t\t\t<div class=\"stm-add-to-cart heading-font stm-manage-stock-no\">\n\t\t\t\t\t<a href=\"\/es\/wp-json\/wp\/v2\/pages\/9?add-to-cart=1247\">\n\t\t\t\t\t\tA\u00f1adir\t\t\t\t\t<\/a>\n\t\t\t\t<\/div>\n\t\t\t\t\t<\/div>\n\t\t<div class=\"clearfix\"><\/div>\n\n\t\t\t<\/div>\n<\/div>\n        <\/div>\n\n            <div class=\"stm_rental_options_archive\">\n            <div class=\"stm_rental_option\">\n\t\t<div class=\"stm_rental_option_content\">\n\t\t<div class=\"content\">\n\t\t\t<div class=\"title\">\n\t\t\t\t<h4>AEROPUERTO DE TANGER<\/h4>\n\t\t\t<\/div>\n\t\t\t\t\t<\/div>\n\t\t<div class=\"meta\">\n\t\t\t\t\t\t<div class=\"price\">\n\t\t\t\t\t\t\t\t\t<div class=\"empty_sale_price\"><\/div>\n\t\t\t\t\t\t\t\t<div class=\"current_price heading-font\">\n\t\t\t\t\t\t\t\t\t<\/div>\n\t\t\t<\/div>\n\n\t\t\t\t\t\t\t<div class=\"stm-add-to-cart heading-font stm-manage-stock-no\">\n\t\t\t\t\t<a href=\"\/es\/wp-json\/wp\/v2\/pages\/9?add-to-cart=1244\">\n\t\t\t\t\t\tA\u00f1adir\t\t\t\t\t<\/a>\n\t\t\t\t<\/div>\n\t\t\t\t\t<\/div>\n\t\t<div class=\"clearfix\"><\/div>\n\n\t\t\t<\/div>\n<\/div>\n        <\/div>\n\n            <div class=\"stm_rental_options_archive\">\n            <div class=\"stm_rental_option\">\n\t\t\t<div class=\"image\">\n\t\t\t<img decoding=\"async\" width=\"56\" height=\"50\" src=\"https:\/\/rentacartanger.com\/wp-content\/uploads\/2023\/10\/driver-2.svg\" class=\"attachment-thumbnail size-thumbnail wp-post-image\" alt=\"motors_placeholder\" \/>\t\t<\/div>\n\t\t<div class=\"stm_rental_option_content\">\n\t\t<div class=\"content\">\n\t\t\t<div class=\"title\">\n\t\t\t\t<h4>Conductor adicional<\/h4>\n\t\t\t<\/div>\n\t\t\t\t\t<\/div>\n\t\t<div class=\"meta\">\n\t\t\t\t\t\t\t<div class=\"quantity\">\n\t\t\t\t\t<input type=\"text\" step=\"1\" min=\"0\" max=\"5\" name=\"quantity\" value=\"1\" title=\"Cantidad\" class=\"input-text qty text\" size=\"4\">\n\t\t\t\t\t<div class=\"quantity_actions\">\n\t\t\t\t\t\t<span class=\"plus\">+<\/span>\n\t\t\t\t\t\t<span class=\"minus\">-<\/span>\n\t\t\t\t\t<\/div>\n\t\t\t\t<\/div>\n\t\t\t\t\t\t<div class=\"price\">\n\t\t\t\t\t\t\t\t\t<div class=\"empty_sale_price\"><\/div>\n\t\t\t\t\t\t\t\t<div class=\"current_price heading-font\">\n\t\t\t\t\t\t\t\t\t<\/div>\n\t\t\t<\/div>\n\n\t\t\t\t\t\t\t<div class=\"stm-add-to-cart heading-font stm-manage-stock-yes\">\n\t\t\t\t\t<a href=\"\/es\/wp-json\/wp\/v2\/pages\/9?add-to-cart=695\">\n\t\t\t\t\t\tA\u00f1adir\t\t\t\t\t<\/a>\n\t\t\t\t<\/div>\n\t\t\t\t\t<\/div>\n\t\t<div class=\"clearfix\"><\/div>\n\n\t\t\t<\/div>\n<\/div>\n        <\/div>\n\n            <div class=\"stm_rental_options_archive\">\n            <div class=\"stm_rental_option\">\n\t\t\t<div class=\"image\">\n\t\t\t<img loading=\"lazy\" decoding=\"async\" width=\"60\" height=\"56\" src=\"https:\/\/rentacartanger.com\/wp-content\/uploads\/2023\/10\/opt-2.svg\" class=\"attachment-thumbnail size-thumbnail wp-post-image\" alt=\"motors_placeholder\" \/>\t\t<\/div>\n\t\t<div class=\"stm_rental_option_content\">\n\t\t<div class=\"content\">\n\t\t\t<div class=\"title\">\n\t\t\t\t<h4>Asiento infantil<\/h4>\n\t\t\t<\/div>\n\t\t\t\t\t<\/div>\n\t\t<div class=\"meta\">\n\t\t\t\t\t\t\t<div class=\"quantity\">\n\t\t\t\t\t<input type=\"text\" step=\"1\" min=\"0\" max=\"5\" name=\"quantity\" value=\"1\" title=\"Cantidad\" class=\"input-text qty text\" size=\"4\">\n\t\t\t\t\t<div class=\"quantity_actions\">\n\t\t\t\t\t\t<span class=\"plus\">+<\/span>\n\t\t\t\t\t\t<span class=\"minus\">-<\/span>\n\t\t\t\t\t<\/div>\n\t\t\t\t<\/div>\n\t\t\t\t\t\t<div class=\"price\">\n\t\t\t\t\t\t\t\t\t<div class=\"empty_sale_price\"><\/div>\n\t\t\t\t\t\t\t\t<div class=\"current_price heading-font\">\n\t\t\t\t\t\t\t\t\t<\/div>\n\t\t\t<\/div>\n\n\t\t\t\t\t\t\t<div class=\"stm-add-to-cart heading-font stm-manage-stock-yes\">\n\t\t\t\t\t<a href=\"\/es\/wp-json\/wp\/v2\/pages\/9?add-to-cart=693\">\n\t\t\t\t\t\tA\u00f1adir\t\t\t\t\t<\/a>\n\t\t\t\t<\/div>\n\t\t\t\t\t<\/div>\n\t\t<div class=\"clearfix\"><\/div>\n\n\t\t\t<\/div>\n<\/div>\n        <\/div>\n\n        <script>\n        jQuery(document).ready(function(){\n            var $ = jQuery;\n            $('.stm-manage-stock-yes a').on('click', function(e){\n                e.preventDefault();\n                e.stopPropagation();\n                var stmHref = $(this).attr('href');\n                var quantityValue = $(this).closest('.meta').find('.qty').val();\n                var quantity = '&quantity=' + quantityValue;\n                stmHref += quantity;\n                window.location.href = stmHref;\n            });\n        })\n    <\/script>\n<\/div>\n\t\t<\/div>\n\t\t\t\t<\/div>\n\t\t\t\t\t<\/div>\n\t\t<\/div>\n\t\t\t\t<div class=\"elementor-column elementor-col-50 elementor-top-column elementor-element elementor-element-47a8448\" data-id=\"47a8448\" data-element_type=\"column\">\n\t\t\t<div class=\"elementor-widget-wrap elementor-element-populated\">\n\t\t\t\t\t\t<div class=\"elementor-element elementor-element-3c72651 elementor-widget elementor-widget-motors-rental-reservation-info\" data-id=\"3c72651\" data-element_type=\"widget\" id=\"rental-info\" data-widget_type=\"motors-rental-reservation-info.default\">\n\t\t\t\t<div class=\"elementor-widget-container\">\n\t\t\t<div>\n\t\n<div class=\"stm_rent_order_info\">\n\t\n<div class=\"title\">\n\t<h4>Coche<\/h4>\n\t<div class=\"subtitle heading-font\">Seleccione su veh\u00edculo <\/div>\n<\/div>\n<div class=\"image image-placeholder\">\n\t<a href=\"https:\/\/rentacartanger.com\/es\/reservation\/\">\n\t\t<div class=\"placeholder\">\n\t\t\t<span class=\"plus\"><\/span>\n\t\t\t<i class=\"stm-icon-car-relic\"><\/i>\n\t\t<\/div>\n\t\t<div class=\"clearfix\"><\/div>\n\t\t<span class=\"button\">\n\t\t\tEncontrar un veh\u00edculo\t\t\t<i class=\"fas fa-arrow-right\"><\/i>\n\t\t<\/span>\n\t<\/a>\n<\/div>\n\n<!--Car rent-->\n<div class=\"stm_rent_table\">\n\t<div class=\"heading heading-font\"><h4>Tipo<\/h4><\/div>\n\t<table>\n\n\t\t<tbody>\n\t\t\t<tr>\n\t\t\t\t<td colspan=\"3\" class=\"divider\"><\/td>\n\t\t\t<\/tr>\n\t\t\t<tr>\n\t\t\t\t<td>--<\/td>\n\t\t\t\t<td>--<\/td>\n\t\t\t\t<td>--<\/td>\n\t\t\t<\/tr>\n\t\t\t<tr>\n\t\t\t\t<td colspan=\"3\" class=\"divider\"><\/td>\n\t\t\t<\/tr>\n\t\t<\/tbody>\n\t<\/table>\n<\/div>\n\n<!--Add-ons-->\n\n<div class=\"stm_rent_table\">\n\t<div class=\"heading heading-font\"><h4>Extras<\/h4><\/div>\n\t<table>\n\t\t\t\t\t<tbody>\n\t\t\t\t<tr>\n\t\t\t\t\t<td colspan=\"3\" class=\"divider\"><\/td>\n\t\t\t\t<\/tr>\n\t\t\t\t<tr>\n\t\t\t\t\t<td>--<\/td>\n\t\t\t\t\t<td>--<\/td>\n\t\t\t\t\t<td>--<\/td>\n\t\t\t\t<\/tr>\n\t\t\t\t<tr>\n\t\t\t\t\t<td colspan=\"3\" class=\"divider\"><\/td>\n\t\t\t\t<\/tr>\n\t\t\t<\/tbody>\n\t\t\t<\/table>\n\n<\/div>\n\n<div class=\"stm-rent-total heading-font\">\n\t<table>\n\t\t<tr>\n\t\t\t<td>Total estimado<\/td>\n\t\t\t<td>--<\/td>\n\t\t<\/tr>\n\t<\/table>\n<\/div>\n<\/div>\n<\/div>\n\t\t<\/div>\n\t\t\t\t<\/div>\n\t\t\t\t\t<\/div>\n\t\t<\/div>\n\t\t\t\t\t<\/div>\n\t\t<\/section>\n\t\t\t\t<\/div>","protected":false},"excerpt":{"rendered":"<p>VEHICLE ADD-ons Total protection Plus d&#039;information Ajouter 280 MAD per day for Zero deductible (zero risk except in the event of an accident technical reform, costs will be invoiced such as immobilization, etc.) Partial protection Plus d&#039;information Ajouter for a price of 150.00 MAD per day for one deductible of 4000.00 MARRAKECH AIRPORT Ajouter CASABLANCA&#8230;<\/p>","protected":false},"author":1,"featured_media":0,"parent":0,"menu_order":0,"comment_status":"closed","ping_status":"closed","template":"","meta":{"_acf_changed":false,"footnotes":""},"class_list":["post-9","page","type-page","status-publish","hentry"],"acf":[],"_links":{"self":[{"href":"https:\/\/rentacartanger.com\/es\/wp-json\/wp\/v2\/pages\/9","targetHints":{"allow":["GET"]}}],"collection":[{"href":"https:\/\/rentacartanger.com\/es\/wp-json\/wp\/v2\/pages"}],"about":[{"href":"https:\/\/rentacartanger.com\/es\/wp-json\/wp\/v2\/types\/page"}],"author":[{"embeddable":true,"href":"https:\/\/rentacartanger.com\/es\/wp-json\/wp\/v2\/users\/1"}],"replies":[{"embeddable":true,"href":"https:\/\/rentacartanger.com\/es\/wp-json\/wp\/v2\/comments?post=9"}],"version-history":[{"count":39,"href":"https:\/\/rentacartanger.com\/es\/wp-json\/wp\/v2\/pages\/9\/revisions"}],"predecessor-version":[{"id":1783,"href":"https:\/\/rentacartanger.com\/es\/wp-json\/wp\/v2\/pages\/9\/revisions\/1783"}],"wp:attachment":[{"href":"https:\/\/rentacartanger.com\/es\/wp-json\/wp\/v2\/media?parent=9"}],"curies":[{"name":"wp","href":"https:\/\/api.w.org\/{rel}","templated":true}]}}